{"id":183,"date":"2018-06-07T19:56:01","date_gmt":"2018-06-07T17:56:01","guid":{"rendered":"https:\/\/ferienpass.bad-salzdetfurth.de\/?page_id=183"},"modified":"2025-06-10T13:07:50","modified_gmt":"2025-06-10T11:07:50","slug":"gutscheine","status":"publish","type":"page","link":"https:\/\/ferienpass.bad-salzdetfurth.de\/?page_id=183","title":{"rendered":"Gutscheine, Erm\u00e4\u00dfigungen"},"content":{"rendered":"\n<p><\/p>\n\n\n\n<p><\/p>\n\n\n<p>Um allen Kindern und Jugendlichen abwechslungsreiche Sommerferien zu erm\u00f6glichen, hat die Jugendarbeit der Stadt Bad Salzdetfurth und viele Vereine, Verb\u00e4nde und Institutionen aus dem Stadtgebiet ein vielf\u00e4ltiges und spannendes Ferienprogramm zusammengestellt. <br \/>Alle Informationen und<strong> \u00fcber 30 Angebote<\/strong> findet ihr<strong> auf dieser Homepage.\u00a0<\/strong><\/p>\n<p>Erg\u00e4nzend zur Homepage gibt es eine<strong> kostenlose Brosch\u00fcre mit einer Angebots\u00fcbersicht und 20 Gutscheinen und Erm\u00e4\u00dfigungen<\/strong>. Auch die Badekarte f\u00fcr das Freibad Bad Salzdetfurth ist darin abgedruckt. Um die Verg\u00fcnstigungen nutzen zu k\u00f6nnen, m\u00fcssen die Kinder das Heft zu den einzelnen Angeboten vorlegen.<br \/>Die kostenlosen Brosch\u00fcren werden in den vier Grundschulen und in der IGS in den f\u00fcnften und sechsten Klassen an alle Sch\u00fclerinnen und Sch\u00fcler verteilt.<br \/>Au\u00dferdem kann sie, solange der Vorrat reicht, im Kinder- und Jugendzentrum Hajo in der Raabestr. 8 in Bad Salzdetfurth und an der Information im Rathaus abgeholt werden. Die Angebote richten sich <strong>vorrangig an Kinder von 6 \u2013 12 Jahren<\/strong>, aber auch Jugendliche finden passende Angebote.<br \/><strong>In der RUBS wird w\u00f6chentlich eine Angebots\u00fcbersicht<\/strong> f\u00fcr die Ferienpassangebote der kommenden Woche ver\u00f6ffentlicht.<\/p>\n<p>Auch w\u00e4hrend der Ferien lohnt es sich, nach den regelm\u00e4\u00dfigen Aktualisierungen auf der Website zu schauen. Bei R\u00fcckfragen zu den Angeboten ist Melanie Gerlach im Kinder- und Jugendzentrum HAJO unter Telefon 05063\/5619 oder per Mail unter m.gerlach@bad-salzdetfurth.de zu erreichen.<\/p>","protected":false},"excerpt":{"rendered":"<p>Um allen Kindern und Jugendlichen abwechslungsreiche Sommerferien zu erm\u00f6glichen, hat die Jugendarbeit der Stadt Bad Salzdetfurth und viele Vereine, Verb\u00e4nde und Institutionen aus dem Stadtgebiet ein vielf\u00e4ltiges und spannendes Ferienprogramm zusammengestellt. Alle Informationen und \u00fcber 30 Angebote findet ihr auf dieser Homepage.\u00a0 Erg\u00e4nzend zur Homepage gibt es eine kostenlose Brosch\u00fcre mit einer Angebots\u00fcbersicht und 20 &hellip; <\/p>\n<p class=\"link-more\"><a href=\"https:\/\/ferienpass.bad-salzdetfurth.de\/?page_id=183\" class=\"more-link\"><span class=\"screen-reader-text\">\u201eGutscheine, Erm\u00e4\u00dfigungen\u201c <\/span>weiterlesen<\/a><\/p>\n","protected":false},"author":2,"featured_media":0,"parent":0,"menu_order":0,"comment_status":"closed","ping_status":"closed","template":"","meta":{"footnotes":""},"class_list":["post-183","page","type-page","status-publish","hentry"],"_links":{"self":[{"href":"https:\/\/ferienpass.bad-salzdetfurth.de\/index.php?rest_route=\/wp\/v2\/pages\/183","targetHints":{"allow":["GET"]}}],"collection":[{"href":"https:\/\/ferienpass.bad-salzdetfurth.de\/index.php?rest_route=\/wp\/v2\/pages"}],"about":[{"href":"https:\/\/ferienpass.bad-salzdetfurth.de\/index.php?rest_route=\/wp\/v2\/types\/page"}],"author":[{"embeddable":true,"href":"https:\/\/ferienpass.bad-salzdetfurth.de\/index.php?rest_route=\/wp\/v2\/users\/2"}],"replies":[{"embeddable":true,"href":"https:\/\/ferienpass.bad-salzdetfurth.de\/index.php?rest_route=%2Fwp%2Fv2%2Fcomments&post=183"}],"version-history":[{"count":59,"href":"https:\/\/ferienpass.bad-salzdetfurth.de\/index.php?rest_route=\/wp\/v2\/pages\/183\/revisions"}],"predecessor-version":[{"id":1702,"href":"https:\/\/ferienpass.bad-salzdetfurth.de\/index.php?rest_route=\/wp\/v2\/pages\/183\/revisions\/1702"}],"wp:attachment":[{"href":"https:\/\/ferienpass.bad-salzdetfurth.de\/index.php?rest_route=%2Fwp%2Fv2%2Fmedia&parent=183"}],"curies":[{"name":"wp","href":"https:\/\/api.w.org\/{rel}","templated":true}]}}